{"id":2377,"date":"2020-11-26T14:21:19","date_gmt":"2020-11-26T13:21:19","guid":{"rendered":"http:\/\/xmaster.it\/rtsgroup\/?page_id=2377"},"modified":"2021-10-12T13:05:45","modified_gmt":"2021-10-12T11:05:45","slug":"privacy-e-condizioni-di-utilizzo","status":"publish","type":"page","link":"https:\/\/xmaster.it\/rtsgroup\/privacy-e-condizioni-di-utilizzo\/","title":{"rendered":"Privacy Policy"},"content":{"rendered":"\t\t<div data-elementor-type=\"wp-page\" data-elementor-id=\"2377\" class=\"elementor elementor-2377\">\n\t\t\t\t\t\t\t\t\t<section class=\"elementor-section elementor-top-section elementor-element elementor-element-4d1658b2 elementor-section-boxed elementor-section-height-default elementor-section-height-default\" data-id=\"4d1658b2\" data-element_type=\"section\">\n\t\t\t\t\t\t<div class=\"elementor-container elementor-column-gap-default\">\n\t\t\t\t\t<div class=\"elementor-column elementor-col-100 elementor-top-column elementor-element elementor-element-361a80cb\" data-id=\"361a80cb\" data-element_type=\"column\">\n\t\t\t<div class=\"elementor-widget-wrap elementor-element-populated\">\n\t\t\t\t\t\t\t\t<div class=\"elementor-element elementor-element-7d43ec91 elementor-widget elementor-widget-heading\" data-id=\"7d43ec91\" data-element_type=\"widget\" data-widget_type=\"heading.default\">\n\t\t\t\t<div class=\"elementor-widget-container\">\n\t\t\t<h2 class=\"elementor-heading-title elementor-size-default\">Privacy e trattamento dei dati personali<\/h2>\t\t<\/div>\n\t\t\t\t<\/div>\n\t\t\t\t<div class=\"elementor-element elementor-element-1ef1e09f elementor-widget elementor-widget-bdt-accordion\" data-id=\"1ef1e09f\" data-element_type=\"widget\" data-widget_type=\"bdt-accordion.default\">\n\t\t\t\t<div class=\"elementor-widget-container\">\n\t\t\t        <div class=\"bdt-ep-accordion-container\">\r\n            <div id=\"bdt-ep-accordion-1ef1e09f\" class=\"bdt-ep-accordion bdt-accordion\" data-bdt-accordion=\"{&quot;collapsible&quot;:false,&quot;multiple&quot;:false,&quot;transition&quot;:&quot;ease-in-out&quot;}\" data-settings=\"{&quot;id&quot;:&quot;bdt-ep-accordion-1ef1e09f&quot;,&quot;activeHash&quot;:&quot;no&quot;,&quot;activeScrollspy&quot;:null,&quot;hashTopOffset&quot;:false,&quot;hashScrollspyTime&quot;:false}\">\r\n                                    <div class=\"bdt-ep-accordion-item\">\r\n                        <div class=\"bdt-ep-accordion-title bdt-accordion-title bdt-flex bdt-flex-middle bdt-flex-between\" id=\"bdt-ep-accordion-trattamento-dei-dati-personali\" data-accordion-index=\"0\" data-title=\"trattamento-dei-dati-personali\" role=\"heading\">\r\n\r\n                                                            <span class=\"bdt-ep-accordion-icon bdt-flex-align-right\" aria-hidden=\"true\">\r\n\r\n                                                                            <span class=\"bdt-ep-accordion-icon-closed\">\r\n                                            <i aria-hidden=\"true\" class=\"fa-fw fas fa-plus\"><\/i>                                        <\/span>\r\n                                    \r\n                                                                            <span class=\"bdt-ep-accordion-icon-opened\">\r\n                                            <i aria-hidden=\"true\" class=\"fa-fw fas fa-minus\"><\/i>                                        <\/span>\r\n                                    \r\n                                <\/span>\r\n                            \r\n                            <span class=\"bdt-ep-title-text bdt-flex bdt-flex-middle\">\r\n\r\n                                                                Trattamento dei dati personali                            <\/span>\r\n\r\n                        <\/div>\r\n                        <div class=\"bdt-ep-accordion-content bdt-accordion-content\">\r\n                            <p><em>Ai sensi dell\u2019Art. n. 13 del REGOLAMENTO EUROPEO N. 679\/2016<\/em><\/p><p>\u00a0<\/p><p><em>Gentile Interessato,<\/em><\/p><p><strong>SARCO S.r.l.<\/strong> in qualit\u00e0 di Titolare del trattamento dei dati ai sensi dell\u2019art. n. 13 del Regolamento Europeo n. 679\/2016 \u201cGeneral Data Protection Regulation (GDPR)\u201d (d\u2019ora innanzi Regolamento UE), recante disposizioni in materia di trattamento dei dati personali, intende informaLa in merito al trattamento dei Suoi dati personali.<\/p><p>La norma prevede che chiunque effettui trattamenti di dati personali \u00e8 tenuto ad informare il soggetto interessato in relazione ai dati trattati e agli elementi qualificanti il trattamento, che deve in ogni caso avvenire in maniera lecita, corretta e trasparente, nonch\u00e9 tutelare la riservatezza e garantire i diritti del soggetto interessato.<\/p><p>Si precisa che per trattamento dei dati s\u2019intende qualsiasi operazione o complesso di operazioni concernenti la raccolta, registrazione, organizzazione, conservazione, consultazione, elaborazione, modifica, selezione, estrazione, raffronto, utilizzo, interconnessione, blocco, comunicazione, diffusione, distruzione dei dati stessi.<\/p><p>\u00a0<\/p><p><strong>1.Titolare del trattamento dei dati<\/strong><\/p><p>Il Titolare del trattamento dei dati \u00e8 SARCO S.r.l. UNIPERSONALE, con sede in Via Canada 14 \u2013 35127 Padova (PD), C.F. e P.IVA 03965930260, contattabile ai seguenti recapiti: telefono +39 049 0997799,<br \/>e-mail: info@sarcoricambi.it, PEC: <a href=\"mailto:sarcoricambi@pec.it\">sarcoricambi@pec.it<\/a>.<\/p><p>\u00a0<\/p><p><strong>2. Natura dei dati Trattati, Finalit\u00e0 e Base giuridica del trattamento<\/strong><\/p><p><u>Natura dei dati trattati.<\/u> In relazione alle finalit\u00e0 del trattamento sotto riportate si informa che saranno trattatati unicamente \u201cdati personali comuni\u201d quali, ad esempio:<\/p><ul><li>dati identificativi azienda (ragione sociale, partita IVA, C.F., tipologia, indirizzo, recapito telefonico,<br \/>e-mail, etc.);<\/li><li>dati anagrafici referente aziendale e responsabile legale (nome, cognome, etc.);<\/li><\/ul><p>\u00a0<\/p><p><u>Finalit\u00e0 del trattamento.<\/u> I suoi dati personali saranno trattati per le seguenti finalit\u00e0:<\/p><p><strong>a.<\/strong> soddisfare la sua richiesta di registrazione al nostro sito e, dunque, per la creazione di un proprio account personale, mediante la compilazione dell\u2019apposito form che trova in questa pagina;<\/p><p><strong>b<\/strong>. gestire i rapporti precontrattuali e contrattuali;<\/p><p><strong>c.<\/strong> adempiere ad obblighi di legge;<\/p><p><strong>d.<\/strong> marketing: per inviarLe materiale pubblicitario, vendita diretta, compimento di ricerche di mercato e comunicazioni commerciali e promozionali;<\/p><p><strong>e.<\/strong> comunicare i Suoi dati personali a Societ\u00e0 connesse o collegate al Gruppo Autodis Italia, nonch\u00e9 a Societ\u00e0 partner appartenenti al settore Automotive per le loro finalit\u00e0 di marketing: per inviarLe materiale pubblicitario, vendita diretta, compimento di ricerche di mercato e comunicazioni commerciali e promozionali;<\/p><p>\u00a0<\/p><p>Per brevit\u00e0 la lista dettagliata di tali Societ\u00e0 \u00e8 disponibile presso la sede del Titolare del trattamento ed \u00e8 a Sua disposizione.<\/p><p><strong>a<\/strong>. profilazione: per analizzare le Sue preferenze e ricevere informative e\/o comunicazioni commerciali personalizzate.<\/p><p>\u00a0<\/p><p><u>Base giuridica del trattamento.<\/u> I dati personali, per le finalit\u00e0 di cui al punto 2A-2B e 2C saranno trattati rispettivamente per il perseguimento di un interesse legittimo del Titolare (art. 6. parag. 1 lett. f Regolamento UE), per l\u2019esecuzione di un contratto di cui l\u2019interessato \u00e8 parte o all\u2019esecuzione di misure precontrattuali adottate su richiesta dello stesso (art.6. parag.1 lett. b Regolamento UE), per adempiere ad un obbligo di legge al quale \u00e8 soggetto il Titolare del trattamento (art.6. parag.1 lett. c Regolamento UE).<\/p><p>\u00a0<\/p><p>I suoi dati personali, per le finalit\u00e0 di cui ai punti 2D-2E-2F della presente informativa potranno essere trattati lecitamente esclusivamente previo suo consenso (art. 6. parag.1 lett. a Regolamento UE), specifico, separato, espresso, documentato, preventivo e del tutto facoltativo.<\/p><p>\u00a0<\/p><p>Il consenso da Lei prestato potr\u00e0 essere revocato in qualsiasi momento, senza pregiudicare la liceit\u00e0 del trattamento basato sul consenso prestato prima della revoca (art.7 parag.3 Regolamento UE)<\/p><p>Inoltre, si informa l\u2019interessato, che ai sensi dell\u2019art. 21 del Regolamento UE, l&#8217;interessato ha il diritto di opporsi in qualsiasi momento al trattamento dei dati personali che lo riguardano effettuato per le finalit\u00e0 di marketing diretto (compresa la profilazione) e che, qualora l&#8217;interessato si opponga al trattamento, i dati personali non potranno pi\u00f9 essere oggetto di trattamento per tali finalit\u00e0.<\/p><p>\u00a0<\/p><p><u>Precisazione:<\/u> seguendo il principio di massima trasparenza nei confronti dell\u2019Interessato distintivo della nostra Azienda, desideriamo informarLa che nel caso Lei decida di prestare il consenso al <u>punto 2D e 2E<\/u> (marketing- e comunicazione dei dati a terzi per finalit\u00e0 di marketing), deve essere preventivamente informato e consapevole che le finalit\u00e0 del trattamento perseguite sono di specifica natura commerciale, pubblicitaria, promozionale e di marketing in senso lato, quali:<\/p><ol><li>inviare materiale pubblicitario ed informativo (es. Newsletter), a carattere promozionale;<\/li><li>inviare informazioni commerciali con modalit\u00e0 cartacee, automatizzate o elettroniche e, in particolare, a mezzo posta ordinaria o e-mail, telefono (es. chiamate, messaggi WhatsApp, SMS), fax e qualsiasi altro canale informatico (es. siti web, mobile app);<\/li><li>inoltrare inviti a eventi, manifestazioni e a riunioni di carattere informativo e promozionale;<\/li><li>inoltrare comunicazioni di aggiornamento su iniziative promozionali o su novit\u00e0 tecniche, per servizi, formazione o assistenza e\/o rilevazione del grado di soddisfazione sulla qualit\u00e0.<\/li><\/ol><p><strong>\u00a0<\/strong><\/p><p><strong>3. Destinatari dei dati e Modalit\u00e0 di trattamento<\/strong><\/p><p>Il trattamento dei Suoi dati personali sar\u00e0 improntato ai principi di correttezza, liceit\u00e0 e trasparenza e potr\u00e0 essere effettuato mediante strumenti cartacei ed\u00a0 elettronici sia dal personale dell\u2019Azienda scrivente, autorizzato\/incaricato al trattamento dei dati personali, sia da soggetti esterni chiamati a svolgere specifici incarichi, per conto del Titolare del trattamento, in qualit\u00e0 di Responsabili del trattamento, ai sensi dell\u2019art. 28 Regolamento UE, previa nostra lettera di incarico che imponga loro il dovere di riservatezza e sicurezza del trattamento dei dati personali, e l\u2019adozione di misure di sicurezza idonee per prevenire la perdita dei dati, usi illeciti e non corretti, ed accessi non autorizzati, nel rispetto delle vigenti disposizioni in materia di tutela dei dati personali.<\/p><p>Per brevit\u00e0 la lista dettagliata di tali figure \u00e8 disponibile presso la sede del Titolare del trattamento ed \u00e8 a Sua disposizione.<\/p><p>I suoi dati personali non saranno diffusi e non saranno trasferiti verso paesi terzi o organizzazioni internazionali, non saranno comunicati a terzi tranne che per obblighi di legge o di contratto<\/p><p>\u00a0<\/p><p><strong>4.Tempi di conservazione dei dati<\/strong><\/p><p>I suoi dati personali saranno conservati per un arco di tempo non superiore al conseguimento delle finalit\u00e0 per i quale sono trattati, nel rispetto del principio di limitazione della conservazione previsto dal Regolamento UE e\/o per il tempo necessario per obblighi di legge e di contratto o fino a che non intervenga la revoca del consenso specifico da parte dell\u2019interessato e, quindi<\/p><ul><li>con riferimento alle finalit\u00e0 indicate nei punti 2A-2B-2C, i dati verranno conservati per il tempo non superiore al conseguimento delle finalit\u00e0 per i quale sono trattati e\/o per il tempo strettamente necessario per l\u2019espletamento degli obblighi di legge e di contratto;<\/li><li>con riferimento alle finalit\u00e0 indicate nel punto 2D e 2F, i dati trattati per finalit\u00e0 di Marketing e profilazione saranno conservati rispettivamente non oltre i 24 mesi e 12 mesi dalla raccolta.<\/li><\/ul><p>A garanzia dei tempi di conservazione dichiarati \u00e8 previsto che sia effettuata una verifica periodica a cadenza annuale sui dati trattati e sulla possibilit\u00e0 di poterli cancellare se non pi\u00f9 necessari per le finalit\u00e0 previste.<\/p><p>\u00a0<\/p><p><strong>5.\u00a0Conseguenze della mancata comunicazione dei dati<\/strong><\/p><p>I dati personali di cui ai punti 2A-2B-2C della presente informativa sono necessari, senza tali dati ci sarebbe impossibile procedere alla registrazione (creazione del Suo account personale), adempiere agli obblighi contrattuali e di legge.<\/p><p>I dati personali, invece, di cui ai punti 2D-2E-2F sono facoltativi il rifiuto di fornirli non comporter\u00e0 alcuna conseguenza e non pregiudicher\u00e0 la sua richiesta di procedere alla registrazione nonch\u00e9 di eseguire gli obblighi contrattuali e di legge. Pu\u00f2 quindi decidere di non conferire alcun dato o di negare successivamente in ogni momento la possibilit\u00e0 di trattare dati gi\u00e0 forniti.<\/p><p>\u00a0<\/p><p><strong>6. Diritti dell\u2019interessato<\/strong><\/p><p>Nella Sua qualit\u00e0 di interessato, ha i diritti di cui agli articoli da n. 15 a n. 22 del Regolamento UE di seguito riportati e precisamente ha il diritto ad:<\/p><ul><li>ottenere la conferma dell\u2019esistenza e del trattamento di dati personali che lo riguardano e in tal caso, ottenere l\u2019accesso ai suoi dati (cd. diritto di accesso);<\/li><li>ottenere le indicazioni circa le finalit\u00e0 del trattamento, le categorie dei dati in questione, i destinatari o le categorie di destinatari cui i dati sono stati o saranno comunicati, in particolare se destinatari di paesi terzi o organizzazioni internazionali, il periodo di conservazione dei dati previsto o i criteri utilizzati per determinare tale periodo; e qualora i dati non siano raccolti presso l\u2019interessato, ottenere tutte le informazioni disponibili sulla loro origine;<\/li><li>ottenere la rettifica dei dati che lo riguardano (cd. diritto di rettifica)<\/li><li>ottenere la cancellazione dei dati che lo riguardano (cd. diritto all\u2019oblio);<\/li><li>ottenere le limitazioni del trattamento (cd. diritto di limitazione di trattamento);<\/li><li>ottenere la portabilit\u00e0 dei dati, ossia riceverli da un titolare del trattamento in un formato strutturato, di uso comune e leggibile da dispositivo automatico e trasmetterli ad altro titolare del trattamento senza impedimenti (cd. diritto alla portabilit\u00e0 dei dati);<\/li><li>opporsi al trattamento in qualsiasi momento (cd. diritto di opposizione). Si informa specificatamente, come richiesto dall\u2019art. 21 del Regolamento UE, che qualora i dati personali siano trattati per finalit\u00e0 di marketing diretto (compresa la profilazione), l&#8217;interessato ha il diritto di opporsi in qualsiasi momento al trattamento dei dati personali che lo riguardano effettuato per tali finalit\u00e0 e che qualora l&#8217;interessato si opponga al trattamento per finalit\u00e0 di marketing diretto, i dati personali non potranno pi\u00f9 essere oggetto di trattamento per tali finalit\u00e0;<\/li><li>essere messo a conoscenza (con la possibilit\u00e0 di opporsi) dell\u2019esistenza di un processo decisionale automatizzato relativo alle persone fisiche, compresa la profilazione;<\/li><li>revocare il consenso in qualsiasi momento senza pregiudicare la liceit\u00e0 del trattamento basata sul consenso prestato prima della revoca;<\/li><li>proporre reclamo a un\u2019autorit\u00e0 di controllo (Garante per la Protezione dei Dati Personali).<\/li><\/ul><p>Si precisa che potrebbero esserci condizioni o limitazioni ai diritti dell\u2019interessato. Non \u00e8 quindi certo che, ad esempio, si abbia il diritto di portabilit\u00e0 dei dati in tutti i casi, ci\u00f2 dipende dalle circostanze specifiche dell&#8217;attivit\u00e0 di elaborazione.<\/p><p>Altro esempio: nel caso Lei decida di opporsi al trattamento dei dati, il Titolare del trattamento ha diritto di valutare la Sua istanza, che potrebbe non essere accettata in caso di esistenza di motivi legittimi cogenti per procedere al trattamento che prevalgano sui Suoi interessi, diritti e libert\u00e0.<\/p><p>\u00a0<\/p><p><strong>7.\u00a0Modalit\u00e0 di esercizio dei diritti<\/strong><\/p><p>Senza formalit\u00e0 alcuna Lei potr\u00e0 in qualsiasi momento esercitare i Suoi diritti in modo chiaro ed esplicito inviando:<\/p><p>&#8211; una raccomandata A.R. alla scrivente (vedere l\u2019indirizzo indicato nella carta intestata);<\/p><p>&#8211; una e-mail all\u2019indirizzo info@sarcoricambi.it;<\/p><p>&#8211; una PEC all\u2019indirizzo sarcoricambi@pec.it.<\/p><p>Oppure contattando direttamente il Titolare del trattamento al numero: +39 049 0997799.<\/p><p><strong>\u00a0<\/strong><\/p><p><strong>8.\u00a0Minori<\/strong><\/p><p>Quanto offerto dal Titolare del trattamento ed oggetto del rapporto con Lei in essere non prevede l\u2019acquisizione intenzionale di informazioni personali riferite ai minori. Nel caso in cui informazioni su minori fossero involontariamente registrate, il Titolare del trattamento le canceller\u00e0 in modo tempestivo, su richiesta o segnalazione dell\u2019interessato.<\/p><p>\u00a0<\/p><p><strong>9. D.P.O. (R.P.D.) \u2013 Incaricati\/Autorizzati \u2013 Responsabili del trattamento<\/strong><\/p><p>Di seguito le forniamo alcune informazioni che \u00e8 necessario portare alla sua conoscenza, non solo per ottemperare agli obblighi di legge, ma anche perch\u00e9 la trasparenza e la correttezza nei confronti degli Interessati \u00e8 parte fondante della nostra attivit\u00e0.<\/p><p><em>\u00a0<\/em><\/p><p><em>D.P.O. (Data Protection Officer) \u2013 R.P.D. (Responsabile delle Protezione dei Dati)<\/em>. Potr\u00e0 inoltre rivolgersi al Responsabile della Protezione dei Dati per avere informazioni e\/o inoltrare richieste circa i suoi dati o per segnalare disservizi o qualsiasi problema eventualmente riscontrato.<\/p><p>Il Responsabile della Protezione dei Dati \u00e8 contattabile tramite e-mail: nicola.ghinello@dpo-rpd.com o telefono: +39 348 3165267.<\/p><p><em>Incaricati\/Autorizzati.<\/em> L\u2019elenco aggiornato degli incaricati\/autorizzati al trattamento \u00e8 custodito presso la sede del Titolare del trattamento e consultabile su richiesta da parte di chiunque ne abbia diritto.<\/p><p><em>Responsabili del trattamento.<\/em> L\u2019elenco aggiornato dei Responsabili del trattamento \u00e8 custodito presso la sede del Titolare del trattamento e consultabile su richiesta da parte di chiunque ne abbia diritto.<\/p>                        <\/div>\r\n                    <\/div>\r\n                            <\/div>\r\n        <\/div>\r\n    \t\t<\/div>\n\t\t\t\t<\/div>\n\t\t\t\t\t<\/div>\n\t\t<\/div>\n\t\t\t\t\t\t\t<\/div>\n\t\t<\/section>\n\t\t\t\t\t\t\t<\/div>\n\t\t","protected":false},"excerpt":{"rendered":"<p>Privacy e trattamento dei dati personali Trattamento dei dati personali Ai sensi dell\u2019Art. n. 13 del REGOLAMENTO EUROPEO N. 679\/2016 \u00a0 Gentile Interessato, SARCO S.r.l. in qualit\u00e0 di Titolare del trattamento dei dati ai sensi dell\u2019art. n. 13 del Regolamento Europeo n. 679\/2016 \u201cGeneral Data Protection Regulation (GDPR)\u201d (d\u2019ora innanzi Regolamento UE), recante disposizioni in [&hellip;]<\/p>\n","protected":false},"author":3,"featured_media":0,"parent":0,"menu_order":0,"comment_status":"closed","ping_status":"closed","template":"elementor_header_footer","meta":{"footnotes":""},"acf":[],"yoast_head":"<!-- This site is optimized with the Yoast SEO plugin v21.8.1 - https:\/\/yoast.com\/wordpress\/plugins\/seo\/ -->\n<title>Privacy Policy - RTS Group - Il tuo riferimento Xmaster per il Nord Est<\/title>\n<meta name=\"robots\" content=\"index, follow, max-snippet:-1, max-image-preview:large, max-video-preview:-1\" \/>\n<link rel=\"canonical\" href=\"https:\/\/xmaster.it\/rtsgroup\/privacy-e-condizioni-di-utilizzo\/\" \/>\n<meta property=\"og:locale\" content=\"it_IT\" \/>\n<meta property=\"og:type\" content=\"article\" \/>\n<meta property=\"og:title\" content=\"Privacy Policy - RTS Group - Il tuo riferimento Xmaster per il Nord Est\" \/>\n<meta property=\"og:description\" content=\"Privacy e trattamento dei dati personali Trattamento dei dati personali Ai sensi dell\u2019Art. n. 13 del REGOLAMENTO EUROPEO N. 679\/2016 \u00a0 Gentile Interessato, SARCO S.r.l. in qualit\u00e0 di Titolare del trattamento dei dati ai sensi dell\u2019art. n. 13 del Regolamento Europeo n. 679\/2016 \u201cGeneral Data Protection Regulation (GDPR)\u201d (d\u2019ora innanzi Regolamento UE), recante disposizioni in [&hellip;]\" \/>\n<meta property=\"og:url\" content=\"https:\/\/xmaster.it\/rtsgroup\/privacy-e-condizioni-di-utilizzo\/\" \/>\n<meta property=\"og:site_name\" content=\"RTS Group - Il tuo riferimento Xmaster per il Nord Est\" \/>\n<meta property=\"article:modified_time\" content=\"2021-10-12T11:05:45+00:00\" \/>\n<meta name=\"twitter:card\" content=\"summary_large_image\" \/>\n<meta name=\"twitter:label1\" content=\"Tempo di lettura stimato\" \/>\n\t<meta name=\"twitter:data1\" content=\"9 minuti\" \/>\n<script type=\"application\/ld+json\" class=\"yoast-schema-graph\">{\"@context\":\"https:\/\/schema.org\",\"@graph\":[{\"@type\":\"WebPage\",\"@id\":\"https:\/\/xmaster.it\/rtsgroup\/privacy-e-condizioni-di-utilizzo\/\",\"url\":\"https:\/\/xmaster.it\/rtsgroup\/privacy-e-condizioni-di-utilizzo\/\",\"name\":\"Privacy Policy - RTS Group - Il tuo riferimento Xmaster per il Nord Est\",\"isPartOf\":{\"@id\":\"https:\/\/xmaster.it\/rtsgroup\/#website\"},\"datePublished\":\"2020-11-26T13:21:19+00:00\",\"dateModified\":\"2021-10-12T11:05:45+00:00\",\"breadcrumb\":{\"@id\":\"https:\/\/xmaster.it\/rtsgroup\/privacy-e-condizioni-di-utilizzo\/#breadcrumb\"},\"inLanguage\":\"it-IT\",\"potentialAction\":[{\"@type\":\"ReadAction\",\"target\":[\"https:\/\/xmaster.it\/rtsgroup\/privacy-e-condizioni-di-utilizzo\/\"]}]},{\"@type\":\"BreadcrumbList\",\"@id\":\"https:\/\/xmaster.it\/rtsgroup\/privacy-e-condizioni-di-utilizzo\/#breadcrumb\",\"itemListElement\":[{\"@type\":\"ListItem\",\"position\":1,\"name\":\"Home\",\"item\":\"https:\/\/xmaster.it\/rtsgroup\/\"},{\"@type\":\"ListItem\",\"position\":2,\"name\":\"Privacy Policy\"}]},{\"@type\":\"WebSite\",\"@id\":\"https:\/\/xmaster.it\/rtsgroup\/#website\",\"url\":\"https:\/\/xmaster.it\/rtsgroup\/\",\"name\":\"RTS Group - Il tuo riferimento Xmaster per il Nord Est\",\"description\":\"L&#039;evoluzione nell&#039;autoriparazione\",\"potentialAction\":[{\"@type\":\"SearchAction\",\"target\":{\"@type\":\"EntryPoint\",\"urlTemplate\":\"https:\/\/xmaster.it\/rtsgroup\/?s={search_term_string}\"},\"query-input\":\"required name=search_term_string\"}],\"inLanguage\":\"it-IT\"}]}<\/script>\n<!-- \/ Yoast SEO plugin. -->","yoast_head_json":{"title":"Privacy Policy - RTS Group - Il tuo riferimento Xmaster per il Nord Est","robots":{"index":"index","follow":"follow","max-snippet":"max-snippet:-1","max-image-preview":"max-image-preview:large","max-video-preview":"max-video-preview:-1"},"canonical":"https:\/\/xmaster.it\/rtsgroup\/privacy-e-condizioni-di-utilizzo\/","og_locale":"it_IT","og_type":"article","og_title":"Privacy Policy - RTS Group - Il tuo riferimento Xmaster per il Nord Est","og_description":"Privacy e trattamento dei dati personali Trattamento dei dati personali Ai sensi dell\u2019Art. n. 13 del REGOLAMENTO EUROPEO N. 679\/2016 \u00a0 Gentile Interessato, SARCO S.r.l. in qualit\u00e0 di Titolare del trattamento dei dati ai sensi dell\u2019art. n. 13 del Regolamento Europeo n. 679\/2016 \u201cGeneral Data Protection Regulation (GDPR)\u201d (d\u2019ora innanzi Regolamento UE), recante disposizioni in [&hellip;]","og_url":"https:\/\/xmaster.it\/rtsgroup\/privacy-e-condizioni-di-utilizzo\/","og_site_name":"RTS Group - Il tuo riferimento Xmaster per il Nord Est","article_modified_time":"2021-10-12T11:05:45+00:00","twitter_card":"summary_large_image","twitter_misc":{"Tempo di lettura stimato":"9 minuti"},"schema":{"@context":"https:\/\/schema.org","@graph":[{"@type":"WebPage","@id":"https:\/\/xmaster.it\/rtsgroup\/privacy-e-condizioni-di-utilizzo\/","url":"https:\/\/xmaster.it\/rtsgroup\/privacy-e-condizioni-di-utilizzo\/","name":"Privacy Policy - RTS Group - Il tuo riferimento Xmaster per il Nord Est","isPartOf":{"@id":"https:\/\/xmaster.it\/rtsgroup\/#website"},"datePublished":"2020-11-26T13:21:19+00:00","dateModified":"2021-10-12T11:05:45+00:00","breadcrumb":{"@id":"https:\/\/xmaster.it\/rtsgroup\/privacy-e-condizioni-di-utilizzo\/#breadcrumb"},"inLanguage":"it-IT","potentialAction":[{"@type":"ReadAction","target":["https:\/\/xmaster.it\/rtsgroup\/privacy-e-condizioni-di-utilizzo\/"]}]},{"@type":"BreadcrumbList","@id":"https:\/\/xmaster.it\/rtsgroup\/privacy-e-condizioni-di-utilizzo\/#breadcrumb","itemListElement":[{"@type":"ListItem","position":1,"name":"Home","item":"https:\/\/xmaster.it\/rtsgroup\/"},{"@type":"ListItem","position":2,"name":"Privacy Policy"}]},{"@type":"WebSite","@id":"https:\/\/xmaster.it\/rtsgroup\/#website","url":"https:\/\/xmaster.it\/rtsgroup\/","name":"RTS Group - Il tuo riferimento Xmaster per il Nord Est","description":"L&#039;evoluzione nell&#039;autoriparazione","potentialAction":[{"@type":"SearchAction","target":{"@type":"EntryPoint","urlTemplate":"https:\/\/xmaster.it\/rtsgroup\/?s={search_term_string}"},"query-input":"required name=search_term_string"}],"inLanguage":"it-IT"}]}},"_links":{"self":[{"href":"https:\/\/xmaster.it\/rtsgroup\/wp-json\/wp\/v2\/pages\/2377"}],"collection":[{"href":"https:\/\/xmaster.it\/rtsgroup\/wp-json\/wp\/v2\/pages"}],"about":[{"href":"https:\/\/xmaster.it\/rtsgroup\/wp-json\/wp\/v2\/types\/page"}],"author":[{"embeddable":true,"href":"https:\/\/xmaster.it\/rtsgroup\/wp-json\/wp\/v2\/users\/3"}],"replies":[{"embeddable":true,"href":"https:\/\/xmaster.it\/rtsgroup\/wp-json\/wp\/v2\/comments?post=2377"}],"version-history":[{"count":15,"href":"https:\/\/xmaster.it\/rtsgroup\/wp-json\/wp\/v2\/pages\/2377\/revisions"}],"predecessor-version":[{"id":6316,"href":"https:\/\/xmaster.it\/rtsgroup\/wp-json\/wp\/v2\/pages\/2377\/revisions\/6316"}],"wp:attachment":[{"href":"https:\/\/xmaster.it\/rtsgroup\/wp-json\/wp\/v2\/media?parent=2377"}],"curies":[{"name":"wp","href":"https:\/\/api.w.org\/{rel}","templated":true}]}}