{"id":2240,"date":"2020-11-26T12:06:49","date_gmt":"2020-11-26T11:06:49","guid":{"rendered":"http:\/\/xmaster.it\/ovam\/?page_id=2240"},"modified":"2020-12-09T12:25:16","modified_gmt":"2020-12-09T11:25:16","slug":"magneti-marelli-checkstar","status":"publish","type":"page","link":"https:\/\/xmaster.it\/ovam\/network-officine\/magneti-marelli-checkstar\/","title":{"rendered":"Magneti Marelli Checkstar"},"content":{"rendered":"\t\t<div data-elementor-type=\"wp-page\" data-elementor-id=\"2240\" class=\"elementor elementor-2240\">\n\t\t\t\t\t\t\t\t\t<section data-dce-background-overlay-color=\"#1E5BA4\" data-dce-background-image-url=\"https:\/\/xmaster.it\/ggroup\/wp-content\/uploads\/2020\/11\/header-marelli.jpg\" class=\"elementor-section elementor-top-section elementor-element elementor-element-4bb831de elementor-section-height-min-height elementor-section-items-top elementor-section-boxed elementor-section-height-default\" data-id=\"4bb831de\" data-element_type=\"section\" data-settings=\"{&quot;background_background&quot;:&quot;classic&quot;}\">\n\t\t\t\t\t\t\t<div class=\"elementor-background-overlay\"><\/div>\n\t\t\t\t\t\t\t<div class=\"elementor-container elementor-column-gap-default\">\n\t\t\t\t\t<div class=\"elementor-column elementor-col-100 elementor-top-column elementor-element elementor-element-18a4283f\" data-id=\"18a4283f\" data-element_type=\"column\">\n\t\t\t<div class=\"elementor-widget-wrap\">\n\t\t\t\t\t\t\t\t\t<\/div>\n\t\t<\/div>\n\t\t\t\t\t\t\t<\/div>\n\t\t<\/section>\n\t\t\t\t<section class=\"elementor-section elementor-top-section elementor-element elementor-element-31cc6373 elementor-section-boxed elementor-section-height-default elementor-section-height-default\" data-id=\"31cc6373\" data-element_type=\"section\">\n\t\t\t\t\t\t<div class=\"elementor-container elementor-column-gap-default\">\n\t\t\t\t\t<div class=\"elementor-column elementor-col-50 elementor-top-column elementor-element elementor-element-2d0b25a\" data-id=\"2d0b25a\" data-element_type=\"column\">\n\t\t\t<div class=\"elementor-widget-wrap elementor-element-populated\">\n\t\t\t\t\t\t\t\t<div class=\"elementor-element elementor-element-1878fa1d dce_masking-none elementor-widget elementor-widget-image\" data-id=\"1878fa1d\" data-element_type=\"widget\" data-widget_type=\"image.default\">\n\t\t\t\t<div class=\"elementor-widget-container\">\n\t\t\t\t\t\t\t\t\t\t\t\t\t\t\t<img fetchpriority=\"high\" decoding=\"async\" width=\"400\" height=\"400\" src=\"https:\/\/xmaster.it\/ovam\/wp-content\/uploads\/sites\/5\/2020\/11\/magneti-logook.png\" class=\"attachment-large size-large wp-image-2269\" alt=\"\" srcset=\"https:\/\/xmaster.it\/ovam\/wp-content\/uploads\/sites\/5\/2020\/11\/magneti-logook.png 400w, https:\/\/xmaster.it\/ovam\/wp-content\/uploads\/sites\/5\/2020\/11\/magneti-logook-300x300.png 300w, https:\/\/xmaster.it\/ovam\/wp-content\/uploads\/sites\/5\/2020\/11\/magneti-logook-150x150.png 150w\" sizes=\"(max-width: 400px) 100vw, 400px\" \/>\t\t\t\t\t\t\t\t\t\t\t\t\t\t\t<\/div>\n\t\t\t\t<\/div>\n\t\t\t\t\t<\/div>\n\t\t<\/div>\n\t\t\t\t<div class=\"elementor-column elementor-col-50 elementor-top-column elementor-element elementor-element-7c9aeded\" data-id=\"7c9aeded\" data-element_type=\"column\">\n\t\t\t<div class=\"elementor-widget-wrap elementor-element-populated\">\n\t\t\t\t\t\t\t\t<div class=\"elementor-element elementor-element-45d57d5 elementor-widget elementor-widget-text-editor\" data-id=\"45d57d5\" data-element_type=\"widget\" data-widget_type=\"text-editor.default\">\n\t\t\t\t<div class=\"elementor-widget-container\">\n\t\t\t\t\t\t\t<p class=\"p1\"><span class=\"s1\">Magneti Marelli CheckStar<\/span><\/p><p class=\"p2\"><span class=\"s2\"><b>Attiva dal 1965, la\u00a0rete di\u00a0Officine\u00a0Magneti\u00a0Marelli\u00a0oggi conta circa 4.000 officine specializzate in 20 paesi e 3 continenti.<\/b><\/span><\/p><p class=\"p4\"><span class=\"s1\">Le officine appartenenti alla rete Checkstar, sotto uno stesso marchio, offrono servizi la cui qualit\u00e0 e affidabilit\u00e0 sono certificate da corsi di formazione Magneti Marelli.<\/span><\/p><p class=\"p4\"><span class=\"s1\">Un\u2019opportunit\u00e0 che avvantaggia soprattutto le officine indipendenti che vogliono raggiungere standard operativi elevati nella riparazione delle auto di ultima generazione.<\/span><\/p><p class=\"p4\"><span class=\"s1\">Far parte di\u00a0Magneti Marelli Checkstar Service Network\u00a0significa essere al timone di una realt\u00e0 avanzata, aggiungere valore alla propria azienda e fare un salto di qualit\u00e0: la migliore opportunit\u00e0 per affrontare con successo nuovi scenari di mercato.<\/span><\/p><p class=\"p4\"><span class=\"s1\"><b>Per maggiori informazioni contattaci o scrivi a:\u00a0<a href=\"https:\/\/xmaster.pagea.it\/magneti-marelli\/ggroup@xmaster.it\">\u00a0ggroup@xmaster.it<\/a><\/b><\/span><\/p>\t\t\t\t\t\t<\/div>\n\t\t\t\t<\/div>\n\t\t\t\t\t<\/div>\n\t\t<\/div>\n\t\t\t\t\t\t\t<\/div>\n\t\t<\/section>\n\t\t\t\t<section data-dce-background-color=\"#F6F6F6\" class=\"elementor-section elementor-top-section elementor-element elementor-element-dc4e4dc elementor-section-boxed elementor-section-height-default elementor-section-height-default\" data-id=\"dc4e4dc\" data-element_type=\"section\" data-settings=\"{&quot;background_background&quot;:&quot;classic&quot;}\">\n\t\t\t\t\t\t<div class=\"elementor-container elementor-column-gap-default\">\n\t\t\t\t\t<div class=\"elementor-column elementor-col-100 elementor-top-column elementor-element elementor-element-a657346\" data-id=\"a657346\" data-element_type=\"column\">\n\t\t\t<div class=\"elementor-widget-wrap elementor-element-populated\">\n\t\t\t\t\t\t\t\t<div class=\"elementor-element elementor-element-bc26438 elementor-widget elementor-widget-heading\" data-id=\"bc26438\" data-element_type=\"widget\" data-widget_type=\"heading.default\">\n\t\t\t\t<div class=\"elementor-widget-container\">\n\t\t\t<h2 class=\"elementor-heading-title elementor-size-default\">Vuoi maggiori informazioni?<\/h2>\t\t<\/div>\n\t\t\t\t<\/div>\n\t\t\t\t<div class=\"elementor-element elementor-element-09d13e2 elementor-align-center elementor-widget elementor-widget-button\" data-id=\"09d13e2\" data-element_type=\"widget\" data-widget_type=\"button.default\">\n\t\t\t\t<div class=\"elementor-widget-container\">\n\t\t\t\t\t<div class=\"elementor-button-wrapper\">\n\t\t\t<a class=\"elementor-button elementor-button-link elementor-size-sm\" href=\"https:\/\/xmaster.it\/ggroup\/contatti\/\">\n\t\t\t\t\t\t<span class=\"elementor-button-content-wrapper\">\n\t\t\t\t\t\t<span class=\"elementor-button-text\">Contattaci<\/span>\n\t\t<\/span>\n\t\t\t\t\t<\/a>\n\t\t<\/div>\n\t\t\t\t<\/div>\n\t\t\t\t<\/div>\n\t\t\t\t\t<\/div>\n\t\t<\/div>\n\t\t\t\t\t\t\t<\/div>\n\t\t<\/section>\n\t\t\t\t\t\t\t<\/div>\n\t\t","protected":false},"excerpt":{"rendered":"<p>Magneti Marelli CheckStar Attiva dal 1965, la\u00a0rete di\u00a0Officine\u00a0Magneti\u00a0Marelli\u00a0oggi conta circa 4.000 officine specializzate in 20 paesi e 3 continenti. Le officine appartenenti alla rete Checkstar, sotto uno stesso marchio, offrono servizi la cui qualit\u00e0 e affidabilit\u00e0 sono certificate da corsi di formazione Magneti Marelli. Un\u2019opportunit\u00e0 che avvantaggia soprattutto le officine indipendenti che vogliono raggiungere standard [&hellip;]<\/p>\n","protected":false},"author":3,"featured_media":0,"parent":2184,"menu_order":0,"comment_status":"closed","ping_status":"closed","template":"elementor_header_footer","meta":{"footnotes":""},"acf":[],"yoast_head":"<!-- This site is optimized with the Yoast SEO plugin v21.8.1 - https:\/\/yoast.com\/wordpress\/plugins\/seo\/ -->\n<title>Magneti Marelli Checkstar - Ovam - Il tuo riferimento Xmaster per il Nord Ovest<\/title>\n<meta name=\"robots\" content=\"index, follow, max-snippet:-1, max-image-preview:large, max-video-preview:-1\" \/>\n<link rel=\"canonical\" href=\"https:\/\/xmaster.it\/ovam\/network-officine\/magneti-marelli-checkstar\/\" \/>\n<meta property=\"og:locale\" content=\"it_IT\" \/>\n<meta property=\"og:type\" content=\"article\" \/>\n<meta property=\"og:title\" content=\"Magneti Marelli Checkstar - Ovam - Il tuo riferimento Xmaster per il Nord Ovest\" \/>\n<meta property=\"og:description\" content=\"Magneti Marelli CheckStar Attiva dal 1965, la\u00a0rete di\u00a0Officine\u00a0Magneti\u00a0Marelli\u00a0oggi conta circa 4.000 officine specializzate in 20 paesi e 3 continenti. Le officine appartenenti alla rete Checkstar, sotto uno stesso marchio, offrono servizi la cui qualit\u00e0 e affidabilit\u00e0 sono certificate da corsi di formazione Magneti Marelli. Un\u2019opportunit\u00e0 che avvantaggia soprattutto le officine indipendenti che vogliono raggiungere standard [&hellip;]\" \/>\n<meta property=\"og:url\" content=\"https:\/\/xmaster.it\/ovam\/network-officine\/magneti-marelli-checkstar\/\" \/>\n<meta property=\"og:site_name\" content=\"Ovam - Il tuo riferimento Xmaster per il Nord Ovest\" \/>\n<meta property=\"article:modified_time\" content=\"2020-12-09T11:25:16+00:00\" \/>\n<meta property=\"og:image\" content=\"http:\/\/xmaster.it\/ovam\/wp-content\/uploads\/sites\/5\/2020\/11\/magneti-logook.png\" \/>\n<meta name=\"twitter:card\" content=\"summary_large_image\" \/>\n<meta name=\"twitter:label1\" content=\"Tempo di lettura stimato\" \/>\n\t<meta name=\"twitter:data1\" content=\"1 minuto\" \/>\n<script type=\"application\/ld+json\" class=\"yoast-schema-graph\">{\"@context\":\"https:\/\/schema.org\",\"@graph\":[{\"@type\":\"WebPage\",\"@id\":\"https:\/\/xmaster.it\/ovam\/network-officine\/magneti-marelli-checkstar\/\",\"url\":\"https:\/\/xmaster.it\/ovam\/network-officine\/magneti-marelli-checkstar\/\",\"name\":\"Magneti Marelli Checkstar - Ovam - Il tuo riferimento Xmaster per il Nord Ovest\",\"isPartOf\":{\"@id\":\"https:\/\/xmaster.it\/ovam\/#website\"},\"datePublished\":\"2020-11-26T11:06:49+00:00\",\"dateModified\":\"2020-12-09T11:25:16+00:00\",\"breadcrumb\":{\"@id\":\"https:\/\/xmaster.it\/ovam\/network-officine\/magneti-marelli-checkstar\/#breadcrumb\"},\"inLanguage\":\"it-IT\",\"potentialAction\":[{\"@type\":\"ReadAction\",\"target\":[\"https:\/\/xmaster.it\/ovam\/network-officine\/magneti-marelli-checkstar\/\"]}]},{\"@type\":\"BreadcrumbList\",\"@id\":\"https:\/\/xmaster.it\/ovam\/network-officine\/magneti-marelli-checkstar\/#breadcrumb\",\"itemListElement\":[{\"@type\":\"ListItem\",\"position\":1,\"name\":\"Home\",\"item\":\"https:\/\/xmaster.it\/ovam\/\"},{\"@type\":\"ListItem\",\"position\":2,\"name\":\"Network Officine\",\"item\":\"https:\/\/xmaster.it\/ovam\/network-officine\/\"},{\"@type\":\"ListItem\",\"position\":3,\"name\":\"Magneti Marelli Checkstar\"}]},{\"@type\":\"WebSite\",\"@id\":\"https:\/\/xmaster.it\/ovam\/#website\",\"url\":\"https:\/\/xmaster.it\/ovam\/\",\"name\":\"Ovam - Il tuo riferimento Xmaster per il Nord Ovest\",\"description\":\"L&#039;evoluzione nell&#039;autoriparazione\",\"potentialAction\":[{\"@type\":\"SearchAction\",\"target\":{\"@type\":\"EntryPoint\",\"urlTemplate\":\"https:\/\/xmaster.it\/ovam\/?s={search_term_string}\"},\"query-input\":\"required name=search_term_string\"}],\"inLanguage\":\"it-IT\"}]}<\/script>\n<!-- \/ Yoast SEO plugin. -->","yoast_head_json":{"title":"Magneti Marelli Checkstar - Ovam - Il tuo riferimento Xmaster per il Nord Ovest","robots":{"index":"index","follow":"follow","max-snippet":"max-snippet:-1","max-image-preview":"max-image-preview:large","max-video-preview":"max-video-preview:-1"},"canonical":"https:\/\/xmaster.it\/ovam\/network-officine\/magneti-marelli-checkstar\/","og_locale":"it_IT","og_type":"article","og_title":"Magneti Marelli Checkstar - Ovam - Il tuo riferimento Xmaster per il Nord Ovest","og_description":"Magneti Marelli CheckStar Attiva dal 1965, la\u00a0rete di\u00a0Officine\u00a0Magneti\u00a0Marelli\u00a0oggi conta circa 4.000 officine specializzate in 20 paesi e 3 continenti. Le officine appartenenti alla rete Checkstar, sotto uno stesso marchio, offrono servizi la cui qualit\u00e0 e affidabilit\u00e0 sono certificate da corsi di formazione Magneti Marelli. Un\u2019opportunit\u00e0 che avvantaggia soprattutto le officine indipendenti che vogliono raggiungere standard [&hellip;]","og_url":"https:\/\/xmaster.it\/ovam\/network-officine\/magneti-marelli-checkstar\/","og_site_name":"Ovam - Il tuo riferimento Xmaster per il Nord Ovest","article_modified_time":"2020-12-09T11:25:16+00:00","og_image":[{"url":"http:\/\/xmaster.it\/ovam\/wp-content\/uploads\/sites\/5\/2020\/11\/magneti-logook.png"}],"twitter_card":"summary_large_image","twitter_misc":{"Tempo di lettura stimato":"1 minuto"},"schema":{"@context":"https:\/\/schema.org","@graph":[{"@type":"WebPage","@id":"https:\/\/xmaster.it\/ovam\/network-officine\/magneti-marelli-checkstar\/","url":"https:\/\/xmaster.it\/ovam\/network-officine\/magneti-marelli-checkstar\/","name":"Magneti Marelli Checkstar - Ovam - Il tuo riferimento Xmaster per il Nord Ovest","isPartOf":{"@id":"https:\/\/xmaster.it\/ovam\/#website"},"datePublished":"2020-11-26T11:06:49+00:00","dateModified":"2020-12-09T11:25:16+00:00","breadcrumb":{"@id":"https:\/\/xmaster.it\/ovam\/network-officine\/magneti-marelli-checkstar\/#breadcrumb"},"inLanguage":"it-IT","potentialAction":[{"@type":"ReadAction","target":["https:\/\/xmaster.it\/ovam\/network-officine\/magneti-marelli-checkstar\/"]}]},{"@type":"BreadcrumbList","@id":"https:\/\/xmaster.it\/ovam\/network-officine\/magneti-marelli-checkstar\/#breadcrumb","itemListElement":[{"@type":"ListItem","position":1,"name":"Home","item":"https:\/\/xmaster.it\/ovam\/"},{"@type":"ListItem","position":2,"name":"Network Officine","item":"https:\/\/xmaster.it\/ovam\/network-officine\/"},{"@type":"ListItem","position":3,"name":"Magneti Marelli Checkstar"}]},{"@type":"WebSite","@id":"https:\/\/xmaster.it\/ovam\/#website","url":"https:\/\/xmaster.it\/ovam\/","name":"Ovam - Il tuo riferimento Xmaster per il Nord Ovest","description":"L&#039;evoluzione nell&#039;autoriparazione","potentialAction":[{"@type":"SearchAction","target":{"@type":"EntryPoint","urlTemplate":"https:\/\/xmaster.it\/ovam\/?s={search_term_string}"},"query-input":"required name=search_term_string"}],"inLanguage":"it-IT"}]}},"_links":{"self":[{"href":"https:\/\/xmaster.it\/ovam\/wp-json\/wp\/v2\/pages\/2240"}],"collection":[{"href":"https:\/\/xmaster.it\/ovam\/wp-json\/wp\/v2\/pages"}],"about":[{"href":"https:\/\/xmaster.it\/ovam\/wp-json\/wp\/v2\/types\/page"}],"author":[{"embeddable":true,"href":"https:\/\/xmaster.it\/ovam\/wp-json\/wp\/v2\/users\/3"}],"replies":[{"embeddable":true,"href":"https:\/\/xmaster.it\/ovam\/wp-json\/wp\/v2\/comments?post=2240"}],"version-history":[{"count":0,"href":"https:\/\/xmaster.it\/ovam\/wp-json\/wp\/v2\/pages\/2240\/revisions"}],"up":[{"embeddable":true,"href":"https:\/\/xmaster.it\/ovam\/wp-json\/wp\/v2\/pages\/2184"}],"wp:attachment":[{"href":"https:\/\/xmaster.it\/ovam\/wp-json\/wp\/v2\/media?parent=2240"}],"curies":[{"name":"wp","href":"https:\/\/api.w.org\/{rel}","templated":true}]}}