{"id":2184,"date":"2020-11-26T11:18:25","date_gmt":"2020-11-26T10:18:25","guid":{"rendered":"http:\/\/xmaster.it\/ovam\/?page_id=2184"},"modified":"2021-09-23T11:40:10","modified_gmt":"2021-09-23T09:40:10","slug":"network-officine","status":"publish","type":"page","link":"https:\/\/xmaster.it\/ovam\/network-officine\/","title":{"rendered":"Network Officine"},"content":{"rendered":"\t\t<div data-elementor-type=\"wp-page\" data-elementor-id=\"2184\" class=\"elementor elementor-2184\">\n\t\t\t\t\t\t\t\t\t<section data-dce-background-overlay-color=\"#1E5BA4\" data-dce-background-image-url=\"https:\/\/xmaster.it\/ovam\/wp-content\/uploads\/sites\/5\/2021\/01\/sfondo-network-min-min.jpg\" class=\"elementor-section elementor-top-section elementor-element elementor-element-3d2d629 elementor-section-height-min-height elementor-section-boxed elementor-section-height-default elementor-section-items-middle\" data-id=\"3d2d629\" data-element_type=\"section\" data-settings=\"{&quot;background_background&quot;:&quot;classic&quot;}\">\n\t\t\t\t\t\t\t<div class=\"elementor-background-overlay\"><\/div>\n\t\t\t\t\t\t\t<div class=\"elementor-container elementor-column-gap-default\">\n\t\t\t\t\t<div class=\"elementor-column elementor-col-100 elementor-top-column elementor-element elementor-element-08c5289\" data-id=\"08c5289\" data-element_type=\"column\">\n\t\t\t<div class=\"elementor-widget-wrap elementor-element-populated\">\n\t\t\t\t\t\t\t\t<div class=\"elementor-element elementor-element-416c12a elementor-widget elementor-widget-heading\" data-id=\"416c12a\" data-element_type=\"widget\" data-widget_type=\"heading.default\">\n\t\t\t\t<div class=\"elementor-widget-container\">\n\t\t\t<h2 class=\"elementor-heading-title elementor-size-default\">I nostri network<\/h2>\t\t<\/div>\n\t\t\t\t<\/div>\n\t\t\t\t\t<\/div>\n\t\t<\/div>\n\t\t\t\t\t\t\t<\/div>\n\t\t<\/section>\n\t\t\t\t<section class=\"elementor-section elementor-top-section elementor-element elementor-element-e3bb736 elementor-section-boxed elementor-section-height-default elementor-section-height-default\" data-id=\"e3bb736\" data-element_type=\"section\">\n\t\t\t\t\t\t<div class=\"elementor-container elementor-column-gap-default\">\n\t\t\t\t\t<div class=\"elementor-column elementor-col-50 elementor-top-column elementor-element elementor-element-f9b79ae\" data-id=\"f9b79ae\" data-element_type=\"column\">\n\t\t\t<div class=\"elementor-widget-wrap elementor-element-populated\">\n\t\t\t\t\t\t\t\t<div class=\"elementor-element elementor-element-8d56f12 elementor-cta--layout-image-left elementor-cta--tablet-layout-image-above elementor-cta--mobile-layout-image-above elementor-cta--skin-classic elementor-animated-content elementor-bg-transform elementor-bg-transform-zoom-in elementor-widget elementor-widget-call-to-action\" data-id=\"8d56f12\" data-element_type=\"widget\" data-widget_type=\"call-to-action.default\">\n\t\t\t\t<div class=\"elementor-widget-container\">\n\t\t\t\t\t<a class=\"elementor-cta\" href=\"https:\/\/xmaster.it\/ovam\/network-officine\/ad-service\/\">\n\t\t\t\t\t<div class=\"elementor-cta__bg-wrapper\">\n\t\t\t\t<div class=\"elementor-cta__bg elementor-bg\" style=\"background-image: url(https:\/\/xmaster.it\/ovam\/wp-content\/uploads\/sites\/5\/2020\/11\/AdService.jpg);\"><\/div>\n\t\t\t\t<div class=\"elementor-cta__bg-overlay\"><\/div>\n\t\t\t<\/div>\n\t\t\t\t\t\t\t<div class=\"elementor-cta__content\">\n\t\t\t\t\n\t\t\t\t<h2 class=\"elementor-cta__title elementor-cta__content-item elementor-content-item\">AD Service<\/h2>\n\t\t\t\t\t\t\t\t\t<div class=\"elementor-cta__description elementor-cta__content-item elementor-content-item\">\n\t\t\t\t\t\t<b>AD Service<\/b> \u00e8 un progetto pensato per formare e assistere l\u2019autoriparatore indipendente, aumentando le sue competenze...\t\t\t\t\t<\/div>\n\t\t\t\t\n\t\t\t\t\t\t\t\t\t<div class=\"elementor-cta__button-wrapper elementor-cta__content-item elementor-content-item \">\n\t\t\t\t\t<span class=\"elementor-cta__button elementor-button elementor-size-sm\">\n\t\t\t\t\t\tScopri di pi\u00f9\t\t\t\t\t<\/span>\n\t\t\t\t\t<\/div>\n\t\t\t\t\t\t\t<\/div>\n\t\t\t\t\t\t<\/a>\n\t\t\t\t<\/div>\n\t\t\t\t<\/div>\n\t\t\t\t<div class=\"elementor-element elementor-element-2fc8500 elementor-cta--layout-image-left elementor-cta--tablet-layout-image-above elementor-cta--mobile-layout-image-above elementor-cta--skin-classic elementor-animated-content elementor-bg-transform elementor-bg-transform-zoom-in elementor-widget elementor-widget-call-to-action\" data-id=\"2fc8500\" data-element_type=\"widget\" data-widget_type=\"call-to-action.default\">\n\t\t\t\t<div class=\"elementor-widget-container\">\n\t\t\t\t\t<a class=\"elementor-cta\" href=\"https:\/\/xmaster.it\/ovam\/network-officine\/gservice\/\">\n\t\t\t\t\t<div class=\"elementor-cta__bg-wrapper\">\n\t\t\t\t<div class=\"elementor-cta__bg elementor-bg\" style=\"background-image: url(https:\/\/xmaster.it\/ovam\/wp-content\/uploads\/sites\/5\/2020\/11\/gservicelogo.jpg);\"><\/div>\n\t\t\t\t<div class=\"elementor-cta__bg-overlay\"><\/div>\n\t\t\t<\/div>\n\t\t\t\t\t\t\t<div class=\"elementor-cta__content\">\n\t\t\t\t\n\t\t\t\t<h2 class=\"elementor-cta__title elementor-cta__content-item elementor-content-item\">GSERVICE<\/h2>\n\t\t\t\t\t\t\t\t\t<div class=\"elementor-cta__description elementor-cta__content-item elementor-content-item\">\n\t\t\t\t\t\t<b>G-Service<\/b> \u00e8 un moderno programma di assistenza ideato da Giadi Group per gli autoriparatori. Studiato sulle reali esigenze\u2026\t\t\t\t\t<\/div>\n\t\t\t\t\n\t\t\t\t\t\t\t\t\t<div class=\"elementor-cta__button-wrapper elementor-cta__content-item elementor-content-item \">\n\t\t\t\t\t<span class=\"elementor-cta__button elementor-button elementor-size-sm\">\n\t\t\t\t\t\tScopri di pi\u00f9\t\t\t\t\t<\/span>\n\t\t\t\t\t<\/div>\n\t\t\t\t\t\t\t<\/div>\n\t\t\t\t\t\t<\/a>\n\t\t\t\t<\/div>\n\t\t\t\t<\/div>\n\t\t\t\t<div class=\"elementor-element elementor-element-a1881da elementor-cta--layout-image-left elementor-cta--tablet-layout-image-above elementor-cta--mobile-layout-image-above elementor-cta--skin-classic elementor-animated-content elementor-bg-transform elementor-bg-transform-zoom-in elementor-widget elementor-widget-call-to-action\" data-id=\"a1881da\" data-element_type=\"widget\" data-widget_type=\"call-to-action.default\">\n\t\t\t\t<div class=\"elementor-widget-container\">\n\t\t\t\t\t<a class=\"elementor-cta\" href=\"https:\/\/xmaster.it\/ovam\/network-officine\/bosch-car-service\/\">\n\t\t\t\t\t<div class=\"elementor-cta__bg-wrapper\">\n\t\t\t\t<div class=\"elementor-cta__bg elementor-bg\" style=\"background-image: url(https:\/\/xmaster.it\/ovam\/wp-content\/uploads\/sites\/5\/2020\/11\/LOGO-BOSCH-X-NETWORK.jpg);\"><\/div>\n\t\t\t\t<div class=\"elementor-cta__bg-overlay\"><\/div>\n\t\t\t<\/div>\n\t\t\t\t\t\t\t<div class=\"elementor-cta__content\">\n\t\t\t\t\n\t\t\t\t<h2 class=\"elementor-cta__title elementor-cta__content-item elementor-content-item\">BOSCH CAR SERVICE<\/h2>\n\t\t\t\t\t\t\t\t\t<div class=\"elementor-cta__description elementor-cta__content-item elementor-content-item\">\n\t\t\t\t\t\t<b>Bosch Car Service<\/b> \u00e8 una rete di officine polispecializzate in grado di operare con elevata professionalit\u00e0 su auto...\t\t\t\t\t<\/div>\n\t\t\t\t\n\t\t\t\t\t\t\t\t\t<div class=\"elementor-cta__button-wrapper elementor-cta__content-item elementor-content-item \">\n\t\t\t\t\t<span class=\"elementor-cta__button elementor-button elementor-size-sm\">\n\t\t\t\t\t\tScopri di pi\u00f9\t\t\t\t\t<\/span>\n\t\t\t\t\t<\/div>\n\t\t\t\t\t\t\t<\/div>\n\t\t\t\t\t\t<\/a>\n\t\t\t\t<\/div>\n\t\t\t\t<\/div>\n\t\t\t\t<div class=\"elementor-element elementor-element-522b07b elementor-cta--layout-image-left elementor-cta--tablet-layout-image-above elementor-cta--mobile-layout-image-above elementor-cta--skin-classic elementor-animated-content elementor-bg-transform elementor-bg-transform-zoom-in elementor-widget elementor-widget-call-to-action\" data-id=\"522b07b\" data-element_type=\"widget\" data-widget_type=\"call-to-action.default\">\n\t\t\t\t<div class=\"elementor-widget-container\">\n\t\t\t\t\t<a class=\"elementor-cta\" href=\"https:\/\/xmaster.it\/ovam\/network-officine\/glasurit\/\">\n\t\t\t\t\t<div class=\"elementor-cta__bg-wrapper\">\n\t\t\t\t<div class=\"elementor-cta__bg elementor-bg\" style=\"background-image: url(https:\/\/xmaster.it\/ovam\/wp-content\/uploads\/sites\/5\/2020\/11\/glasurit-300x150-1.png);\"><\/div>\n\t\t\t\t<div class=\"elementor-cta__bg-overlay\"><\/div>\n\t\t\t<\/div>\n\t\t\t\t\t\t\t<div class=\"elementor-cta__content\">\n\t\t\t\t\n\t\t\t\t<h2 class=\"elementor-cta__title elementor-cta__content-item elementor-content-item\">Glasurit<\/h2>\n\t\t\t\t\t\t\t\t\t<div class=\"elementor-cta__description elementor-cta__content-item elementor-content-item\">\n\t\t\t\t\t\t<b>Glasurit<\/b> conferisce una qualifica alle carrozzerie che desiderano massimizzare il proprio potenziale in modo mirato....\t\t\t\t\t<\/div>\n\t\t\t\t\n\t\t\t\t\t\t\t\t\t<div class=\"elementor-cta__button-wrapper elementor-cta__content-item elementor-content-item \">\n\t\t\t\t\t<span class=\"elementor-cta__button elementor-button elementor-size-sm\">\n\t\t\t\t\t\tScopri di pi\u00f9\t\t\t\t\t<\/span>\n\t\t\t\t\t<\/div>\n\t\t\t\t\t\t\t<\/div>\n\t\t\t\t\t\t<\/a>\n\t\t\t\t<\/div>\n\t\t\t\t<\/div>\n\t\t\t\t\t<\/div>\n\t\t<\/div>\n\t\t\t\t<div class=\"elementor-column elementor-col-50 elementor-top-column elementor-element elementor-element-2e6df8a\" data-id=\"2e6df8a\" data-element_type=\"column\">\n\t\t\t<div class=\"elementor-widget-wrap elementor-element-populated\">\n\t\t\t\t\t\t\t\t<div class=\"elementor-element elementor-element-ea37af2 elementor-cta--layout-image-left elementor-cta--tablet-layout-image-above elementor-cta--mobile-layout-image-above elementor-cta--skin-classic elementor-animated-content elementor-bg-transform elementor-bg-transform-zoom-in elementor-widget elementor-widget-call-to-action\" data-id=\"ea37af2\" data-element_type=\"widget\" data-widget_type=\"call-to-action.default\">\n\t\t\t\t<div class=\"elementor-widget-container\">\n\t\t\t\t\t<a class=\"elementor-cta\" href=\"https:\/\/xmaster.it\/ovam\/network-officine\/autocrew\/\">\n\t\t\t\t\t<div class=\"elementor-cta__bg-wrapper\">\n\t\t\t\t<div class=\"elementor-cta__bg elementor-bg\" style=\"background-image: url(https:\/\/xmaster.it\/ovam\/wp-content\/uploads\/sites\/5\/2020\/11\/AutoCrew.jpg);\"><\/div>\n\t\t\t\t<div class=\"elementor-cta__bg-overlay\"><\/div>\n\t\t\t<\/div>\n\t\t\t\t\t\t\t<div class=\"elementor-cta__content\">\n\t\t\t\t\n\t\t\t\t<h2 class=\"elementor-cta__title elementor-cta__content-item elementor-content-item\">AutoCrew<\/h2>\n\t\t\t\t\t\t\t\t\t<div class=\"elementor-cta__description elementor-cta__content-item elementor-content-item\">\n\t\t\t\t\t\tLe autovetture sono sempre pi\u00f9 complesse, \u00e8 necessario stare al passo con le nuove tecnologie e ci\u00f2 richiede una formazione costante...\t\t\t\t\t<\/div>\n\t\t\t\t\n\t\t\t\t\t\t\t\t\t<div class=\"elementor-cta__button-wrapper elementor-cta__content-item elementor-content-item \">\n\t\t\t\t\t<span class=\"elementor-cta__button elementor-button elementor-size-sm\">\n\t\t\t\t\t\tScopri di pi\u00f9\t\t\t\t\t<\/span>\n\t\t\t\t\t<\/div>\n\t\t\t\t\t\t\t<\/div>\n\t\t\t\t\t\t<\/a>\n\t\t\t\t<\/div>\n\t\t\t\t<\/div>\n\t\t\t\t<div class=\"elementor-element elementor-element-863e188 elementor-cta--layout-image-left elementor-cta--tablet-layout-image-above elementor-cta--mobile-layout-image-above elementor-cta--skin-classic elementor-animated-content elementor-bg-transform elementor-bg-transform-zoom-in elementor-widget elementor-widget-call-to-action\" data-id=\"863e188\" data-element_type=\"widget\" data-widget_type=\"call-to-action.default\">\n\t\t\t\t<div class=\"elementor-widget-container\">\n\t\t\t\t\t<a class=\"elementor-cta\" href=\"https:\/\/xmaster.it\/ovam\/network-officine\/magneti-marelli-checkstar\/\">\n\t\t\t\t\t<div class=\"elementor-cta__bg-wrapper\">\n\t\t\t\t<div class=\"elementor-cta__bg elementor-bg\" style=\"background-image: url(https:\/\/xmaster.it\/ovam\/wp-content\/uploads\/sites\/5\/2020\/11\/Magnetimarelli-X-NETW.jpg);\"><\/div>\n\t\t\t\t<div class=\"elementor-cta__bg-overlay\"><\/div>\n\t\t\t<\/div>\n\t\t\t\t\t\t\t<div class=\"elementor-cta__content\">\n\t\t\t\t\n\t\t\t\t<h2 class=\"elementor-cta__title elementor-cta__content-item elementor-content-item\">magneti Marelli<\/h2>\n\t\t\t\t\t\t\t\t\t<div class=\"elementor-cta__description elementor-cta__content-item elementor-content-item\">\n\t\t\t\t\t\tAttiva dal 1965, la rete di Officine <b>Magneti Marelli<\/b> oggi conta circa 4.000 officine specializzate in 20 paesi\u2026\t\t\t\t\t<\/div>\n\t\t\t\t\n\t\t\t\t\t\t\t\t\t<div class=\"elementor-cta__button-wrapper elementor-cta__content-item elementor-content-item \">\n\t\t\t\t\t<span class=\"elementor-cta__button elementor-button elementor-size-sm\">\n\t\t\t\t\t\tScopri di pi\u00f9\t\t\t\t\t<\/span>\n\t\t\t\t\t<\/div>\n\t\t\t\t\t\t\t<\/div>\n\t\t\t\t\t\t<\/a>\n\t\t\t\t<\/div>\n\t\t\t\t<\/div>\n\t\t\t\t<div class=\"elementor-element elementor-element-0ff662c elementor-cta--layout-image-left elementor-cta--tablet-layout-image-above elementor-cta--mobile-layout-image-above elementor-cta--skin-classic elementor-animated-content elementor-bg-transform elementor-bg-transform-zoom-in elementor-widget elementor-widget-call-to-action\" data-id=\"0ff662c\" data-element_type=\"widget\" data-widget_type=\"call-to-action.default\">\n\t\t\t\t<div class=\"elementor-widget-container\">\n\t\t\t\t\t<a class=\"elementor-cta\" href=\"https:\/\/xmaster.it\/ovam\/network-officine\/point-service\/\">\n\t\t\t\t\t\t\t<div class=\"elementor-cta__content\">\n\t\t\t\t\n\t\t\t\t<h2 class=\"elementor-cta__title elementor-cta__content-item elementor-content-item\">point service<\/h2>\n\t\t\t\t\t\t\t\t\t<div class=\"elementor-cta__description elementor-cta__content-item elementor-content-item\">\n\t\t\t\t\t\tLa rete <b>Point Service<\/b> \u00e8 un punto di riferimento per la riparazione di tutti i modelli di vetture circolanti in Italia, dalle pi\u00f9 recenti...\t\t\t\t\t<\/div>\n\t\t\t\t\n\t\t\t\t\t\t\t\t\t<div class=\"elementor-cta__button-wrapper elementor-cta__content-item elementor-content-item \">\n\t\t\t\t\t<span class=\"elementor-cta__button elementor-button elementor-size-sm\">\n\t\t\t\t\t\tScopri di pi\u00f9\t\t\t\t\t<\/span>\n\t\t\t\t\t<\/div>\n\t\t\t\t\t\t\t<\/div>\n\t\t\t\t\t\t<\/a>\n\t\t\t\t<\/div>\n\t\t\t\t<\/div>\n\t\t\t\t\t<\/div>\n\t\t<\/div>\n\t\t\t\t\t\t\t<\/div>\n\t\t<\/section>\n\t\t\t\t\t\t\t<\/div>\n\t\t","protected":false},"excerpt":{"rendered":"<p>I nostri network AD Service AD Service \u00e8 un progetto pensato per formare e assistere l\u2019autoriparatore indipendente, aumentando le sue competenze&#8230; Scopri di pi\u00f9 GSERVICE G-Service \u00e8 un moderno programma di assistenza ideato da Giadi Group per gli autoriparatori. Studiato sulle reali esigenze\u2026 Scopri di pi\u00f9 BOSCH CAR SERVICE Bosch Car Service \u00e8 una rete [&hellip;]<\/p>\n","protected":false},"author":3,"featured_media":0,"parent":0,"menu_order":0,"comment_status":"closed","ping_status":"closed","template":"","meta":{"footnotes":""},"acf":[],"yoast_head":"<!-- This site is optimized with the Yoast SEO plugin v21.8.1 - https:\/\/yoast.com\/wordpress\/plugins\/seo\/ -->\n<title>Network Officine - Ovam - Il tuo riferimento Xmaster per il Nord Ovest<\/title>\n<meta name=\"robots\" content=\"index, follow, max-snippet:-1, max-image-preview:large, max-video-preview:-1\" \/>\n<link rel=\"canonical\" href=\"https:\/\/xmaster.it\/ovam\/network-officine\/\" \/>\n<meta property=\"og:locale\" content=\"it_IT\" \/>\n<meta property=\"og:type\" content=\"article\" \/>\n<meta property=\"og:title\" content=\"Network Officine - Ovam - Il tuo riferimento Xmaster per il Nord Ovest\" \/>\n<meta property=\"og:description\" content=\"I nostri network AD Service AD Service \u00e8 un progetto pensato per formare e assistere l\u2019autoriparatore indipendente, aumentando le sue competenze&#8230; Scopri di pi\u00f9 GSERVICE G-Service \u00e8 un moderno programma di assistenza ideato da Giadi Group per gli autoriparatori. Studiato sulle reali esigenze\u2026 Scopri di pi\u00f9 BOSCH CAR SERVICE Bosch Car Service \u00e8 una rete [&hellip;]\" \/>\n<meta property=\"og:url\" content=\"https:\/\/xmaster.it\/ovam\/network-officine\/\" \/>\n<meta property=\"og:site_name\" content=\"Ovam - Il tuo riferimento Xmaster per il Nord Ovest\" \/>\n<meta property=\"article:modified_time\" content=\"2021-09-23T09:40:10+00:00\" \/>\n<meta name=\"twitter:card\" content=\"summary_large_image\" \/>\n<meta name=\"twitter:label1\" content=\"Tempo di lettura stimato\" \/>\n\t<meta name=\"twitter:data1\" content=\"1 minuto\" \/>\n<script type=\"application\/ld+json\" class=\"yoast-schema-graph\">{\"@context\":\"https:\/\/schema.org\",\"@graph\":[{\"@type\":\"WebPage\",\"@id\":\"https:\/\/xmaster.it\/ovam\/network-officine\/\",\"url\":\"https:\/\/xmaster.it\/ovam\/network-officine\/\",\"name\":\"Network Officine - Ovam - Il tuo riferimento Xmaster per il Nord Ovest\",\"isPartOf\":{\"@id\":\"https:\/\/xmaster.it\/ovam\/#website\"},\"datePublished\":\"2020-11-26T10:18:25+00:00\",\"dateModified\":\"2021-09-23T09:40:10+00:00\",\"breadcrumb\":{\"@id\":\"https:\/\/xmaster.it\/ovam\/network-officine\/#breadcrumb\"},\"inLanguage\":\"it-IT\",\"potentialAction\":[{\"@type\":\"ReadAction\",\"target\":[\"https:\/\/xmaster.it\/ovam\/network-officine\/\"]}]},{\"@type\":\"BreadcrumbList\",\"@id\":\"https:\/\/xmaster.it\/ovam\/network-officine\/#breadcrumb\",\"itemListElement\":[{\"@type\":\"ListItem\",\"position\":1,\"name\":\"Home\",\"item\":\"https:\/\/xmaster.it\/ovam\/\"},{\"@type\":\"ListItem\",\"position\":2,\"name\":\"Network Officine\"}]},{\"@type\":\"WebSite\",\"@id\":\"https:\/\/xmaster.it\/ovam\/#website\",\"url\":\"https:\/\/xmaster.it\/ovam\/\",\"name\":\"Ovam - Il tuo riferimento Xmaster per il Nord Ovest\",\"description\":\"L&#039;evoluzione nell&#039;autoriparazione\",\"potentialAction\":[{\"@type\":\"SearchAction\",\"target\":{\"@type\":\"EntryPoint\",\"urlTemplate\":\"https:\/\/xmaster.it\/ovam\/?s={search_term_string}\"},\"query-input\":\"required name=search_term_string\"}],\"inLanguage\":\"it-IT\"}]}<\/script>\n<!-- \/ Yoast SEO plugin. -->","yoast_head_json":{"title":"Network Officine - Ovam - Il tuo riferimento Xmaster per il Nord Ovest","robots":{"index":"index","follow":"follow","max-snippet":"max-snippet:-1","max-image-preview":"max-image-preview:large","max-video-preview":"max-video-preview:-1"},"canonical":"https:\/\/xmaster.it\/ovam\/network-officine\/","og_locale":"it_IT","og_type":"article","og_title":"Network Officine - Ovam - Il tuo riferimento Xmaster per il Nord Ovest","og_description":"I nostri network AD Service AD Service \u00e8 un progetto pensato per formare e assistere l\u2019autoriparatore indipendente, aumentando le sue competenze&#8230; Scopri di pi\u00f9 GSERVICE G-Service \u00e8 un moderno programma di assistenza ideato da Giadi Group per gli autoriparatori. Studiato sulle reali esigenze\u2026 Scopri di pi\u00f9 BOSCH CAR SERVICE Bosch Car Service \u00e8 una rete [&hellip;]","og_url":"https:\/\/xmaster.it\/ovam\/network-officine\/","og_site_name":"Ovam - Il tuo riferimento Xmaster per il Nord Ovest","article_modified_time":"2021-09-23T09:40:10+00:00","twitter_card":"summary_large_image","twitter_misc":{"Tempo di lettura stimato":"1 minuto"},"schema":{"@context":"https:\/\/schema.org","@graph":[{"@type":"WebPage","@id":"https:\/\/xmaster.it\/ovam\/network-officine\/","url":"https:\/\/xmaster.it\/ovam\/network-officine\/","name":"Network Officine - Ovam - Il tuo riferimento Xmaster per il Nord Ovest","isPartOf":{"@id":"https:\/\/xmaster.it\/ovam\/#website"},"datePublished":"2020-11-26T10:18:25+00:00","dateModified":"2021-09-23T09:40:10+00:00","breadcrumb":{"@id":"https:\/\/xmaster.it\/ovam\/network-officine\/#breadcrumb"},"inLanguage":"it-IT","potentialAction":[{"@type":"ReadAction","target":["https:\/\/xmaster.it\/ovam\/network-officine\/"]}]},{"@type":"BreadcrumbList","@id":"https:\/\/xmaster.it\/ovam\/network-officine\/#breadcrumb","itemListElement":[{"@type":"ListItem","position":1,"name":"Home","item":"https:\/\/xmaster.it\/ovam\/"},{"@type":"ListItem","position":2,"name":"Network Officine"}]},{"@type":"WebSite","@id":"https:\/\/xmaster.it\/ovam\/#website","url":"https:\/\/xmaster.it\/ovam\/","name":"Ovam - Il tuo riferimento Xmaster per il Nord Ovest","description":"L&#039;evoluzione nell&#039;autoriparazione","potentialAction":[{"@type":"SearchAction","target":{"@type":"EntryPoint","urlTemplate":"https:\/\/xmaster.it\/ovam\/?s={search_term_string}"},"query-input":"required name=search_term_string"}],"inLanguage":"it-IT"}]}},"_links":{"self":[{"href":"https:\/\/xmaster.it\/ovam\/wp-json\/wp\/v2\/pages\/2184"}],"collection":[{"href":"https:\/\/xmaster.it\/ovam\/wp-json\/wp\/v2\/pages"}],"about":[{"href":"https:\/\/xmaster.it\/ovam\/wp-json\/wp\/v2\/types\/page"}],"author":[{"embeddable":true,"href":"https:\/\/xmaster.it\/ovam\/wp-json\/wp\/v2\/users\/3"}],"replies":[{"embeddable":true,"href":"https:\/\/xmaster.it\/ovam\/wp-json\/wp\/v2\/comments?post=2184"}],"version-history":[{"count":6,"href":"https:\/\/xmaster.it\/ovam\/wp-json\/wp\/v2\/pages\/2184\/revisions"}],"predecessor-version":[{"id":6693,"href":"https:\/\/xmaster.it\/ovam\/wp-json\/wp\/v2\/pages\/2184\/revisions\/6693"}],"wp:attachment":[{"href":"https:\/\/xmaster.it\/ovam\/wp-json\/wp\/v2\/media?parent=2184"}],"curies":[{"name":"wp","href":"https:\/\/api.w.org\/{rel}","templated":true}]}}