{"id":2238,"date":"2020-11-26T12:06:14","date_gmt":"2020-11-26T11:06:14","guid":{"rendered":"http:\/\/xmaster.it\/ggroup\/?page_id=2238"},"modified":"2020-12-09T12:23:28","modified_gmt":"2020-12-09T11:23:28","slug":"bosch-car-service","status":"publish","type":"page","link":"https:\/\/xmaster.it\/ggroup\/network-officine\/bosch-car-service\/","title":{"rendered":"Bosch Car Service"},"content":{"rendered":"\t\t<div data-elementor-type=\"wp-page\" data-elementor-id=\"2238\" class=\"elementor elementor-2238\">\n\t\t\t\t\t\t\t\t\t<section data-dce-background-overlay-color=\"#1E5BA4\" data-dce-background-image-url=\"https:\/\/xmaster.it\/ggroup\/wp-content\/uploads\/2020\/11\/Header-bosch-network.jpg\" class=\"elementor-section elementor-top-section elementor-element elementor-element-4bb831de elementor-section-height-min-height elementor-section-items-top elementor-section-boxed elementor-section-height-default\" data-id=\"4bb831de\" data-element_type=\"section\" data-settings=\"{&quot;background_background&quot;:&quot;classic&quot;}\">\n\t\t\t\t\t\t\t<div class=\"elementor-background-overlay\"><\/div>\n\t\t\t\t\t\t\t<div class=\"elementor-container elementor-column-gap-default\">\n\t\t\t\t\t<div class=\"elementor-column elementor-col-100 elementor-top-column elementor-element elementor-element-18a4283f\" data-id=\"18a4283f\" data-element_type=\"column\">\n\t\t\t<div class=\"elementor-widget-wrap\">\n\t\t\t\t\t\t\t\t\t<\/div>\n\t\t<\/div>\n\t\t\t\t\t\t\t<\/div>\n\t\t<\/section>\n\t\t\t\t<section class=\"elementor-section elementor-top-section elementor-element elementor-element-31cc6373 elementor-section-boxed elementor-section-height-default elementor-section-height-default\" data-id=\"31cc6373\" data-element_type=\"section\">\n\t\t\t\t\t\t<div class=\"elementor-container elementor-column-gap-default\">\n\t\t\t\t\t<div class=\"elementor-column elementor-col-50 elementor-top-column elementor-element elementor-element-2d0b25a\" data-id=\"2d0b25a\" data-element_type=\"column\">\n\t\t\t<div class=\"elementor-widget-wrap elementor-element-populated\">\n\t\t\t\t\t\t\t\t<div class=\"elementor-element elementor-element-1878fa1d dce_masking-none elementor-widget elementor-widget-image\" data-id=\"1878fa1d\" data-element_type=\"widget\" data-widget_type=\"image.default\">\n\t\t\t\t<div class=\"elementor-widget-container\">\n\t\t\t\t\t\t\t\t\t\t\t\t\t\t\t<img fetchpriority=\"high\" decoding=\"async\" width=\"600\" height=\"400\" src=\"https:\/\/xmaster.it\/ggroup\/wp-content\/uploads\/sites\/3\/2020\/11\/Bosch-car-service-logook.jpg\" class=\"attachment-large size-large wp-image-2264\" alt=\"\" srcset=\"https:\/\/xmaster.it\/ggroup\/wp-content\/uploads\/sites\/3\/2020\/11\/Bosch-car-service-logook.jpg 600w, https:\/\/xmaster.it\/ggroup\/wp-content\/uploads\/sites\/3\/2020\/11\/Bosch-car-service-logook-300x200.jpg 300w\" sizes=\"(max-width: 600px) 100vw, 600px\" \/>\t\t\t\t\t\t\t\t\t\t\t\t\t\t\t<\/div>\n\t\t\t\t<\/div>\n\t\t\t\t\t<\/div>\n\t\t<\/div>\n\t\t\t\t<div class=\"elementor-column elementor-col-50 elementor-top-column elementor-element elementor-element-7c9aeded\" data-id=\"7c9aeded\" data-element_type=\"column\">\n\t\t\t<div class=\"elementor-widget-wrap elementor-element-populated\">\n\t\t\t\t\t\t\t\t<div class=\"elementor-element elementor-element-45d57d5 elementor-widget elementor-widget-text-editor\" data-id=\"45d57d5\" data-element_type=\"widget\" data-widget_type=\"text-editor.default\">\n\t\t\t\t<div class=\"elementor-widget-container\">\n\t\t\t\t\t\t\t<p><strong>Bosch Car Service \u00e8 una rete di officine polispecializzate in grado di operare con elevata professionalit\u00e0 su auto di qualsiasi marca e modello.\u00a0<\/strong><\/p><p>Con l\u2019adesione al programma Bosch Car Service acquisirete importanti diritti che permettono a voi e alla vostra azienda di essere sempre vicini alle esigenze del mercato, e di farlo in modo preferenziale e vantaggioso.<\/p><p>Avrete la possibilit\u00e0 di conoscere nel dettaglio i vostri diritti e di capire perch\u00e9 la vostra scelta si trasformer\u00e0 in una vera e propria opportunit\u00e0.<\/p><ul><li><p>La crescita professionale<\/p><\/li><li><p>L\u2019evoluzione tecnologica<\/p><\/li><li><p>Promuovere l\u2019azienda<\/p><\/li><li><p>L\u2019immagine<\/p><\/li><li><p>Il marchio<\/p><\/li><li><p>Mai da soli<\/p><\/li><\/ul>\t\t\t\t\t\t<\/div>\n\t\t\t\t<\/div>\n\t\t\t\t\t<\/div>\n\t\t<\/div>\n\t\t\t\t\t\t\t<\/div>\n\t\t<\/section>\n\t\t\t\t<section data-dce-background-color=\"#F6F6F6\" class=\"elementor-section elementor-top-section elementor-element elementor-element-96f252f elementor-section-boxed elementor-section-height-default elementor-section-height-default\" data-id=\"96f252f\" data-element_type=\"section\" data-settings=\"{&quot;background_background&quot;:&quot;classic&quot;}\">\n\t\t\t\t\t\t<div class=\"elementor-container elementor-column-gap-default\">\n\t\t\t\t\t<div class=\"elementor-column elementor-col-100 elementor-top-column elementor-element elementor-element-fdfbb28\" data-id=\"fdfbb28\" data-element_type=\"column\">\n\t\t\t<div class=\"elementor-widget-wrap elementor-element-populated\">\n\t\t\t\t\t\t\t\t<div class=\"elementor-element elementor-element-a848c58 elementor-widget elementor-widget-heading\" data-id=\"a848c58\" data-element_type=\"widget\" data-widget_type=\"heading.default\">\n\t\t\t\t<div class=\"elementor-widget-container\">\n\t\t\t<h2 class=\"elementor-heading-title elementor-size-default\">Vuoi maggiori informazioni?<\/h2>\t\t<\/div>\n\t\t\t\t<\/div>\n\t\t\t\t<div class=\"elementor-element elementor-element-80e723a elementor-align-center elementor-widget elementor-widget-button\" data-id=\"80e723a\" data-element_type=\"widget\" data-widget_type=\"button.default\">\n\t\t\t\t<div class=\"elementor-widget-container\">\n\t\t\t\t\t<div class=\"elementor-button-wrapper\">\n\t\t\t<a class=\"elementor-button elementor-button-link elementor-size-sm\" href=\"https:\/\/xmaster.it\/ggroup\/contatti\/\">\n\t\t\t\t\t\t<span class=\"elementor-button-content-wrapper\">\n\t\t\t\t\t\t<span class=\"elementor-button-text\">Contattaci<\/span>\n\t\t<\/span>\n\t\t\t\t\t<\/a>\n\t\t<\/div>\n\t\t\t\t<\/div>\n\t\t\t\t<\/div>\n\t\t\t\t\t<\/div>\n\t\t<\/div>\n\t\t\t\t\t\t\t<\/div>\n\t\t<\/section>\n\t\t\t\t\t\t\t<\/div>\n\t\t","protected":false},"excerpt":{"rendered":"<p>Bosch Car Service \u00e8 una rete di officine polispecializzate in grado di operare con elevata professionalit\u00e0 su auto di qualsiasi marca e modello.\u00a0 Con l\u2019adesione al programma Bosch Car Service acquisirete importanti diritti che permettono a voi e alla vostra azienda di essere sempre vicini alle esigenze del mercato, e di farlo in modo preferenziale [&hellip;]<\/p>\n","protected":false},"author":3,"featured_media":0,"parent":2184,"menu_order":0,"comment_status":"closed","ping_status":"closed","template":"elementor_header_footer","meta":{"footnotes":""},"acf":[],"yoast_head":"<!-- This site is optimized with the Yoast SEO plugin v21.8.1 - https:\/\/yoast.com\/wordpress\/plugins\/seo\/ -->\n<title>Bosch Car Service - Ggroup - Il tuo riferimento Xmaster per il Centro-Sud<\/title>\n<meta name=\"robots\" content=\"index, follow, max-snippet:-1, max-image-preview:large, max-video-preview:-1\" \/>\n<link rel=\"canonical\" href=\"https:\/\/xmaster.it\/ggroup\/network-officine\/bosch-car-service\/\" \/>\n<meta property=\"og:locale\" content=\"it_IT\" \/>\n<meta property=\"og:type\" content=\"article\" \/>\n<meta property=\"og:title\" content=\"Bosch Car Service - Ggroup - Il tuo riferimento Xmaster per il Centro-Sud\" \/>\n<meta property=\"og:description\" content=\"Bosch Car Service \u00e8 una rete di officine polispecializzate in grado di operare con elevata professionalit\u00e0 su auto di qualsiasi marca e modello.\u00a0 Con l\u2019adesione al programma Bosch Car Service acquisirete importanti diritti che permettono a voi e alla vostra azienda di essere sempre vicini alle esigenze del mercato, e di farlo in modo preferenziale [&hellip;]\" \/>\n<meta property=\"og:url\" content=\"https:\/\/xmaster.it\/ggroup\/network-officine\/bosch-car-service\/\" \/>\n<meta property=\"og:site_name\" content=\"Ggroup - Il tuo riferimento Xmaster per il Centro-Sud\" \/>\n<meta property=\"article:modified_time\" content=\"2020-12-09T11:23:28+00:00\" \/>\n<meta property=\"og:image\" content=\"http:\/\/xmaster.it\/ggroup\/wp-content\/uploads\/sites\/3\/2020\/11\/Bosch-car-service-logook.jpg\" \/>\n<meta name=\"twitter:card\" content=\"summary_large_image\" \/>\n<script type=\"application\/ld+json\" class=\"yoast-schema-graph\">{\"@context\":\"https:\/\/schema.org\",\"@graph\":[{\"@type\":\"WebPage\",\"@id\":\"https:\/\/xmaster.it\/ggroup\/network-officine\/bosch-car-service\/\",\"url\":\"https:\/\/xmaster.it\/ggroup\/network-officine\/bosch-car-service\/\",\"name\":\"Bosch Car Service - Ggroup - Il tuo riferimento Xmaster per il Centro-Sud\",\"isPartOf\":{\"@id\":\"https:\/\/xmaster.it\/ggroup\/#website\"},\"datePublished\":\"2020-11-26T11:06:14+00:00\",\"dateModified\":\"2020-12-09T11:23:28+00:00\",\"breadcrumb\":{\"@id\":\"https:\/\/xmaster.it\/ggroup\/network-officine\/bosch-car-service\/#breadcrumb\"},\"inLanguage\":\"it-IT\",\"potentialAction\":[{\"@type\":\"ReadAction\",\"target\":[\"https:\/\/xmaster.it\/ggroup\/network-officine\/bosch-car-service\/\"]}]},{\"@type\":\"BreadcrumbList\",\"@id\":\"https:\/\/xmaster.it\/ggroup\/network-officine\/bosch-car-service\/#breadcrumb\",\"itemListElement\":[{\"@type\":\"ListItem\",\"position\":1,\"name\":\"Home\",\"item\":\"https:\/\/xmaster.it\/ggroup\/\"},{\"@type\":\"ListItem\",\"position\":2,\"name\":\"Network Officine\",\"item\":\"https:\/\/xmaster.it\/ggroup\/network-officine\/\"},{\"@type\":\"ListItem\",\"position\":3,\"name\":\"Bosch Car Service\"}]},{\"@type\":\"WebSite\",\"@id\":\"https:\/\/xmaster.it\/ggroup\/#website\",\"url\":\"https:\/\/xmaster.it\/ggroup\/\",\"name\":\"Ggroup - Il tuo riferimento Xmaster per il Centro-Sud\",\"description\":\"L&#039;evoluzione nell&#039;autoriparazione\",\"potentialAction\":[{\"@type\":\"SearchAction\",\"target\":{\"@type\":\"EntryPoint\",\"urlTemplate\":\"https:\/\/xmaster.it\/ggroup\/?s={search_term_string}\"},\"query-input\":\"required name=search_term_string\"}],\"inLanguage\":\"it-IT\"}]}<\/script>\n<!-- \/ Yoast SEO plugin. -->","yoast_head_json":{"title":"Bosch Car Service - Ggroup - Il tuo riferimento Xmaster per il Centro-Sud","robots":{"index":"index","follow":"follow","max-snippet":"max-snippet:-1","max-image-preview":"max-image-preview:large","max-video-preview":"max-video-preview:-1"},"canonical":"https:\/\/xmaster.it\/ggroup\/network-officine\/bosch-car-service\/","og_locale":"it_IT","og_type":"article","og_title":"Bosch Car Service - Ggroup - Il tuo riferimento Xmaster per il Centro-Sud","og_description":"Bosch Car Service \u00e8 una rete di officine polispecializzate in grado di operare con elevata professionalit\u00e0 su auto di qualsiasi marca e modello.\u00a0 Con l\u2019adesione al programma Bosch Car Service acquisirete importanti diritti che permettono a voi e alla vostra azienda di essere sempre vicini alle esigenze del mercato, e di farlo in modo preferenziale [&hellip;]","og_url":"https:\/\/xmaster.it\/ggroup\/network-officine\/bosch-car-service\/","og_site_name":"Ggroup - Il tuo riferimento Xmaster per il Centro-Sud","article_modified_time":"2020-12-09T11:23:28+00:00","og_image":[{"url":"http:\/\/xmaster.it\/ggroup\/wp-content\/uploads\/sites\/3\/2020\/11\/Bosch-car-service-logook.jpg"}],"twitter_card":"summary_large_image","schema":{"@context":"https:\/\/schema.org","@graph":[{"@type":"WebPage","@id":"https:\/\/xmaster.it\/ggroup\/network-officine\/bosch-car-service\/","url":"https:\/\/xmaster.it\/ggroup\/network-officine\/bosch-car-service\/","name":"Bosch Car Service - Ggroup - Il tuo riferimento Xmaster per il Centro-Sud","isPartOf":{"@id":"https:\/\/xmaster.it\/ggroup\/#website"},"datePublished":"2020-11-26T11:06:14+00:00","dateModified":"2020-12-09T11:23:28+00:00","breadcrumb":{"@id":"https:\/\/xmaster.it\/ggroup\/network-officine\/bosch-car-service\/#breadcrumb"},"inLanguage":"it-IT","potentialAction":[{"@type":"ReadAction","target":["https:\/\/xmaster.it\/ggroup\/network-officine\/bosch-car-service\/"]}]},{"@type":"BreadcrumbList","@id":"https:\/\/xmaster.it\/ggroup\/network-officine\/bosch-car-service\/#breadcrumb","itemListElement":[{"@type":"ListItem","position":1,"name":"Home","item":"https:\/\/xmaster.it\/ggroup\/"},{"@type":"ListItem","position":2,"name":"Network Officine","item":"https:\/\/xmaster.it\/ggroup\/network-officine\/"},{"@type":"ListItem","position":3,"name":"Bosch Car Service"}]},{"@type":"WebSite","@id":"https:\/\/xmaster.it\/ggroup\/#website","url":"https:\/\/xmaster.it\/ggroup\/","name":"Ggroup - Il tuo riferimento Xmaster per il Centro-Sud","description":"L&#039;evoluzione nell&#039;autoriparazione","potentialAction":[{"@type":"SearchAction","target":{"@type":"EntryPoint","urlTemplate":"https:\/\/xmaster.it\/ggroup\/?s={search_term_string}"},"query-input":"required name=search_term_string"}],"inLanguage":"it-IT"}]}},"_links":{"self":[{"href":"https:\/\/xmaster.it\/ggroup\/wp-json\/wp\/v2\/pages\/2238"}],"collection":[{"href":"https:\/\/xmaster.it\/ggroup\/wp-json\/wp\/v2\/pages"}],"about":[{"href":"https:\/\/xmaster.it\/ggroup\/wp-json\/wp\/v2\/types\/page"}],"author":[{"embeddable":true,"href":"https:\/\/xmaster.it\/ggroup\/wp-json\/wp\/v2\/users\/3"}],"replies":[{"embeddable":true,"href":"https:\/\/xmaster.it\/ggroup\/wp-json\/wp\/v2\/comments?post=2238"}],"version-history":[{"count":0,"href":"https:\/\/xmaster.it\/ggroup\/wp-json\/wp\/v2\/pages\/2238\/revisions"}],"up":[{"embeddable":true,"href":"https:\/\/xmaster.it\/ggroup\/wp-json\/wp\/v2\/pages\/2184"}],"wp:attachment":[{"href":"https:\/\/xmaster.it\/ggroup\/wp-json\/wp\/v2\/media?parent=2238"}],"curies":[{"name":"wp","href":"https:\/\/api.w.org\/{rel}","templated":true}]}}